{"id":1036,"date":"2020-11-09T16:49:55","date_gmt":"2020-11-09T15:49:55","guid":{"rendered":"https:\/\/avkm.net\/?page_id=1036"},"modified":"2024-07-10T10:24:29","modified_gmt":"2024-07-10T08:24:29","slug":"objednavka-tlmocnickych-sluzieb","status":"publish","type":"page","link":"https:\/\/avkm.net\/en\/objednavka-tlmocnickych-sluzieb\/","title":{"rendered":"Objedn\u00e1vka tlmo\u010dn\u00edckych slu\u017eieb"},"content":{"rendered":"<div class=\"vc_row wpb_row vc_row-fluid\"><div class=\"wpb_column vc_column_container vc_col-sm-12 sc_layouts_column_icons_position_left\"><div class=\"vc_column-inner\"><div class=\"wpb_wrapper\">\n<div class=\"wpcf7 no-js\" id=\"wpcf7-f570-o1\" lang=\"en-US\" dir=\"ltr\" data-wpcf7-id=\"570\">\n<div class=\"screen-reader-response\"><p role=\"status\" aria-live=\"polite\" aria-atomic=\"true\"><\/p> <ul><\/ul><\/div>\n<form action=\"\/en\/wp-json\/wp\/v2\/pages\/1036#wpcf7-f570-o1\" method=\"post\" class=\"wpcf7-form init\" aria-label=\"Contact form\" enctype=\"multipart\/form-data\" novalidate=\"novalidate\" data-status=\"init\" data-trp-original-action=\"\/en\/wp-json\/wp\/v2\/pages\/1036#wpcf7-f570-o1\">\n<fieldset class=\"hidden-fields-container\"><input type=\"hidden\" name=\"_wpcf7\" value=\"570\" \/><input type=\"hidden\" name=\"_wpcf7_version\" value=\"6.1.5\" \/><input type=\"hidden\" name=\"_wpcf7_locale\" value=\"en_US\" \/><input type=\"hidden\" name=\"_wpcf7_unit_tag\" value=\"wpcf7-f570-o1\" \/><input type=\"hidden\" name=\"_wpcf7_container_post\" value=\"0\" \/><input type=\"hidden\" name=\"_wpcf7_posted_data_hash\" value=\"\" \/><input type=\"hidden\" name=\"_wpcf7_recaptcha_response\" value=\"\" \/>\n<\/fieldset>\n<div id=\"order-translation\">\n\t<h3>Objedna\u0165 cenov\u00fa ponuku\n\t<\/h3>\n\t<h5>Zadajte po\u017eiadavky na projekt\n\t<\/h5>\n\t<div class=\"m50\">\n\t\t<p><span class=\"wpcf7-form-control-wrap\" data-name=\"menu-858\"><select class=\"wpcf7-form-control wpcf7-select wpcf7-validates-as-required\" aria-required=\"true\" aria-invalid=\"false\" name=\"menu-858\"><option value=\"Marketing\">Marketing<\/option><option value=\"Pr\u00e1vo\">Pr\u00e1vo<\/option><option value=\"Technick\u00fd preklad\">Technick\u00fd preklad<\/option><option value=\"Overen\u00fd preklad\">Overen\u00fd preklad<\/option><\/select><\/span>\n\t\t<\/p>\n\t<\/div>\n<hr \/>\n\t<h5>Nahrajte svoj s\u00fabor\n\t<\/h5>\n\t<div class=\"super-select clear\">\n\t\t<p><label><span class=\"wpcf7-form-control-wrap\" data-name=\"select-file\"><input size=\"40\" class=\"wpcf7-form-control wpcf7-file\" id=\"super\" accept=\"audio\/*,video\/*,image\/*\" aria-invalid=\"false\" type=\"file\" name=\"select-file\" \/><\/span><\/label>\n\t\t<\/p>\n\t\t<div>\n\t\t\t<p>VYBERTE S\u00daBOR\n\t\t\t<\/p>\n\t\t<\/div>\n\t\t<div id=\"fname\">\n\t\t<\/div>\n\t<\/div>\n<hr \/>\n\t<h5>Zdrojov\u00fd jazyk\n\t<\/h5>\n\t<div class=\"trx_addons_columns_wrap\">\n\t\t<div class=\"trx_addons_column-1_3\">\n\t\t\t<p><span class=\"wpcf7-form-control-wrap\" data-name=\"radio-899\"><span class=\"wpcf7-form-control wpcf7-radio\"><span class=\"wpcf7-list-item first\"><label><input type=\"radio\" name=\"radio-899\" value=\"Ru\u0161tina\" checked=\"checked\" \/><span class=\"wpcf7-list-item-label\">Ru\u0161tina<\/span><\/label><\/span><span class=\"wpcf7-list-item\"><label><input type=\"radio\" name=\"radio-899\" value=\"Angli\u010dtina\" \/><span class=\"wpcf7-list-item-label\">Angli\u010dtina<\/span><\/label><\/span><span class=\"wpcf7-list-item\"><label><input type=\"radio\" name=\"radio-899\" value=\"Nem\u010dina\" \/><span class=\"wpcf7-list-item-label\">Nem\u010dina<\/span><\/label><\/span><span class=\"wpcf7-list-item last\"><label><input type=\"radio\" name=\"radio-899\" value=\"\u0160paniel\u010dina\" \/><span class=\"wpcf7-list-item-label\">\u0160paniel\u010dina<\/span><\/label><\/span><\/span><\/span>\n\t\t\t<\/p>\n\t\t<\/div>\n\t\t<div class=\"trx_addons_column-1_3\">\n\t\t\t<p><span class=\"wpcf7-form-control-wrap\" data-name=\"radio-899\"><span class=\"wpcf7-form-control wpcf7-radio\"><span class=\"wpcf7-list-item first\"><label><input type=\"radio\" name=\"radio-899\" value=\"Franc\u00faz\u0161tina\" checked=\"checked\" \/><span class=\"wpcf7-list-item-label\">Franc\u00faz\u0161tina<\/span><\/label><\/span><span class=\"wpcf7-list-item\"><label><input type=\"radio\" name=\"radio-899\" value=\"Talian\u010dina\" \/><span class=\"wpcf7-list-item-label\">Talian\u010dina<\/span><\/label><\/span><span class=\"wpcf7-list-item\"><label><input type=\"radio\" name=\"radio-899\" value=\"Holand\u010dina\" \/><span class=\"wpcf7-list-item-label\">Holand\u010dina<\/span><\/label><\/span><span class=\"wpcf7-list-item last\"><label><input type=\"radio\" name=\"radio-899\" value=\"Po\u013e\u0161tina\" \/><span class=\"wpcf7-list-item-label\">Po\u013e\u0161tina<\/span><\/label><\/span><\/span><\/span>\n\t\t\t<\/p>\n\t\t<\/div>\n\t\t<div class=\"trx_addons_column-1_3\">\n\t\t\t<p><span class=\"wpcf7-form-control-wrap\" data-name=\"radio-899\"><span class=\"wpcf7-form-control wpcf7-radio\"><span class=\"wpcf7-list-item first\"><label><input type=\"radio\" name=\"radio-899\" value=\"Sloven\u010dina\" checked=\"checked\" \/><span class=\"wpcf7-list-item-label\">Sloven\u010dina<\/span><\/label><\/span><span class=\"wpcf7-list-item\"><label><input type=\"radio\" name=\"radio-899\" value=\"Ma\u010far\u010dina\" \/><span class=\"wpcf7-list-item-label\">Ma\u010far\u010dina<\/span><\/label><\/span><span class=\"wpcf7-list-item\"><label><input type=\"radio\" name=\"radio-899\" value=\"Rumun\u010dina\" \/><span class=\"wpcf7-list-item-label\">Rumun\u010dina<\/span><\/label><\/span><span class=\"wpcf7-list-item\"><label><input type=\"radio\" name=\"radio-899\" value=\"Bulhar\u010dina\" \/><span class=\"wpcf7-list-item-label\">Bulhar\u010dina<\/span><\/label><\/span><span class=\"wpcf7-list-item last\"><label><input type=\"radio\" name=\"radio-899\" value=\"Ukrajin\u010dina\" \/><span class=\"wpcf7-list-item-label\">Ukrajin\u010dina<\/span><\/label><\/span><\/span><\/span>\n\t\t\t<\/p>\n\t\t<\/div>\n\t<\/div>\n<hr \/>\n\t<h5>Cie\u013eov\u00e9 jazyky\n\t<\/h5>\n\t<div class=\"trx_addons_columns_wrap\">\n\t\t<div class=\"trx_addons_column-1_3\">\n\t\t\t<p><span class=\"wpcf7-form-control-wrap\" data-name=\"radio-621\"><span class=\"wpcf7-form-control wpcf7-radio\"><span class=\"wpcf7-list-item first\"><label><input type=\"radio\" name=\"radio-621\" value=\"Ru\u0161tina\" checked=\"checked\" \/><span class=\"wpcf7-list-item-label\">Ru\u0161tina<\/span><\/label><\/span><span class=\"wpcf7-list-item\"><label><input type=\"radio\" name=\"radio-621\" value=\"Angli\u010dtina\" \/><span class=\"wpcf7-list-item-label\">Angli\u010dtina<\/span><\/label><\/span><span class=\"wpcf7-list-item\"><label><input type=\"radio\" name=\"radio-621\" value=\"Nem\u010dina\" \/><span class=\"wpcf7-list-item-label\">Nem\u010dina<\/span><\/label><\/span><span class=\"wpcf7-list-item last\"><label><input type=\"radio\" name=\"radio-621\" value=\"\u0160paniel\u010dina\" \/><span class=\"wpcf7-list-item-label\">\u0160paniel\u010dina<\/span><\/label><\/span><\/span><\/span>\n\t\t\t<\/p>\n\t\t<\/div>\n\t\t<div class=\"trx_addons_column-1_3\">\n\t\t\t<p><span class=\"wpcf7-form-control-wrap\" data-name=\"radio-621\"><span class=\"wpcf7-form-control wpcf7-radio\"><span class=\"wpcf7-list-item first\"><label><input type=\"radio\" name=\"radio-621\" value=\"Franc\u00faz\u0161tina\" checked=\"checked\" \/><span class=\"wpcf7-list-item-label\">Franc\u00faz\u0161tina<\/span><\/label><\/span><span class=\"wpcf7-list-item\"><label><input type=\"radio\" name=\"radio-621\" value=\"Talian\u010dina\" \/><span class=\"wpcf7-list-item-label\">Talian\u010dina<\/span><\/label><\/span><span class=\"wpcf7-list-item\"><label><input type=\"radio\" name=\"radio-621\" value=\"Holand\u010dina\" \/><span class=\"wpcf7-list-item-label\">Holand\u010dina<\/span><\/label><\/span><span class=\"wpcf7-list-item last\"><label><input type=\"radio\" name=\"radio-621\" value=\"Po\u013e\u0161tina\" \/><span class=\"wpcf7-list-item-label\">Po\u013e\u0161tina<\/span><\/label><\/span><\/span><\/span>\n\t\t\t<\/p>\n\t\t<\/div>\n\t\t<div class=\"trx_addons_column-1_3\">\n\t\t\t<p><span class=\"wpcf7-form-control-wrap\" data-name=\"radio-621\"><span class=\"wpcf7-form-control wpcf7-radio\"><span class=\"wpcf7-list-item first\"><label><input type=\"radio\" name=\"radio-621\" value=\"Sloven\u010dina\" checked=\"checked\" \/><span class=\"wpcf7-list-item-label\">Sloven\u010dina<\/span><\/label><\/span><span class=\"wpcf7-list-item\"><label><input type=\"radio\" name=\"radio-621\" value=\"Ma\u010far\u010dina\" \/><span class=\"wpcf7-list-item-label\">Ma\u010far\u010dina<\/span><\/label><\/span><span class=\"wpcf7-list-item\"><label><input type=\"radio\" name=\"radio-621\" value=\"Rumun\u010dina\" \/><span class=\"wpcf7-list-item-label\">Rumun\u010dina<\/span><\/label><\/span><span class=\"wpcf7-list-item\"><label><input type=\"radio\" name=\"radio-621\" value=\"Bulhar\u010dina\" \/><span class=\"wpcf7-list-item-label\">Bulhar\u010dina<\/span><\/label><\/span><span class=\"wpcf7-list-item last\"><label><input type=\"radio\" name=\"radio-621\" value=\"Ukrajin\u010dina\" \/><span class=\"wpcf7-list-item-label\">Ukrajin\u010dina<\/span><\/label><\/span><\/span><\/span>\n\t\t\t<\/p>\n\t\t<\/div>\n\t<\/div>\n\t<h3>Detaily\n\t<\/h3>\n\t<div class=\"trx_addons_columns_wrap\">\n\t\t<div class=\"trx_addons_column-1_2\">\n\t\t\t<p><label><span class=\"wpcf7-form-control-wrap\" data-name=\"text-699\"><input size=\"40\" maxlength=\"400\" class=\"wpcf7-form-control wpcf7-text wpcf7-validates-as-required\" aria-required=\"true\" aria-invalid=\"false\" placeholder=\"MENO\" value=\"\" type=\"text\" name=\"text-699\" \/><\/span><\/label>\n\t\t\t<\/p>\n\t\t<\/div>\n\t\t<div class=\"trx_addons_column-1_2\">\n\t\t\t<p><label><span class=\"wpcf7-form-control-wrap\" data-name=\"lname\"><input size=\"40\" maxlength=\"400\" class=\"wpcf7-form-control wpcf7-text wpcf7-validates-as-required\" aria-required=\"true\" aria-invalid=\"false\" placeholder=\"PRIEZVISKO\" value=\"\" type=\"text\" name=\"lname\" \/><\/span><\/label>\n\t\t\t<\/p>\n\t\t<\/div>\n\t<\/div>\n\t<div class=\"\">\n\t\t<p><label><span class=\"wpcf7-form-control-wrap\" data-name=\"text-803\"><input size=\"40\" maxlength=\"400\" class=\"wpcf7-form-control wpcf7-text\" aria-invalid=\"false\" placeholder=\"N\u00c1ZOV FIRMY\" value=\"\" type=\"text\" name=\"text-803\" \/><\/span><\/label>\n\t\t<\/p>\n\t<\/div>\n\t<div class=\"trx_addons_columns_wrap\">\n\t\t<div class=\"trx_addons_column-1_2\">\n\t\t\t<p><label><span class=\"wpcf7-form-control-wrap\" data-name=\"phone\"><input size=\"40\" maxlength=\"400\" class=\"wpcf7-form-control wpcf7-tel wpcf7-validates-as-required wpcf7-text wpcf7-validates-as-tel\" aria-required=\"true\" aria-invalid=\"false\" placeholder=\"TELEF\u00d3N\" value=\"\" type=\"tel\" name=\"phone\" \/><\/span><\/label>\n\t\t\t<\/p>\n\t\t<\/div>\n\t\t<div class=\"trx_addons_column-1_2\">\n\t\t\t<p><label><span class=\"wpcf7-form-control-wrap\" data-name=\"email\"><input size=\"40\" maxlength=\"400\" class=\"wpcf7-form-control wpcf7-email wpcf7-validates-as-required wpcf7-text wpcf7-validates-as-email\" aria-required=\"true\" aria-invalid=\"false\" placeholder=\"EMAIL\" value=\"\" type=\"email\" name=\"email\" \/><\/span><\/label>\n\t\t\t<\/p>\n\t\t<\/div>\n\t<\/div>\n<hr \/>\n\t<h5>Ako v\u00e1s kontaktova\u0165?\n\t<\/h5>\n\t<p><span class=\"wpcf7-form-control-wrap\" data-name=\"radio-395\"><span class=\"wpcf7-form-control wpcf7-radio\"><span class=\"wpcf7-list-item first\"><input type=\"radio\" name=\"radio-395\" value=\"Zavolajte mi\" checked=\"checked\" \/><span class=\"wpcf7-list-item-label\">Zavolajte mi<\/span><\/span><span class=\"wpcf7-list-item last\"><input type=\"radio\" name=\"radio-395\" value=\"Kontaktujte ma cez e-mail\" \/><span class=\"wpcf7-list-item-label\">Kontaktujte ma cez e-mail<\/span><\/span><\/span><\/span>\n\t<\/p>\n\t<p><span id=\"wpcf7-69f3605f1007d-wrapper\" class=\"wpcf7-form-control-wrap honeypot-886-wrap\" style=\"display:none !important; visibility:hidden !important;\"><label for=\"wpcf7-69f3605f1007d-field\" class=\"hp-message\">Please leave this field empty.<\/label><input id=\"wpcf7-69f3605f1007d-field\"  class=\"wpcf7-form-control wpcf7-text\" type=\"text\" name=\"honeypot-886\" value=\"\" size=\"40\" tabindex=\"-1\" autocomplete=\"off\" \/><\/span><br \/>\n<input class=\"wpcf7-form-control wpcf7-submit has-spinner\" type=\"submit\" value=\"Odosla\u0165\" \/>\n\t<\/p>\n<\/div><div class=\"wpcf7-response-output\" aria-hidden=\"true\"><\/div>\n<input type=\"hidden\" name=\"trp-form-language\" value=\"en\"\/><\/form>\n<\/div>\n<\/div><\/div><\/div><\/div>","protected":false},"excerpt":{"rendered":"Objedna\u0165 cenov\u00fa ponuku Zadajte po\u017eiadavky na projekt MarketingPr\u00e1voTechnick\u00fd prekladOveren\u00fd preklad Nahrajte svoj s\u00fabor VYBERTE S\u00daBOR Zdrojov\u00fd jazyk Ru\u0161tinaAngli\u010dtinaNem\u010dina\u0160paniel\u010dina Franc\u00faz\u0161tinaTalian\u010dinaHoland\u010dinaPo\u013e\u0161tina Sloven\u010dinaMa\u010far\u010dinaRumun\u010dinaBulhar\u010dinaUkrajin\u010dina Cie\u013eov\u00e9 jazyky Ru\u0161tinaAngli\u010dtinaNem\u010dina\u0160paniel\u010dina Franc\u00faz\u0161tinaTalian\u010dinaHoland\u010dinaPo\u013e\u0161tina Sloven\u010dinaMa\u010far\u010dinaRumun\u010dinaBulhar\u010dinaUkrajin\u010dina Detaily Ako v\u00e1s kontaktova\u0165? Zavolajte miKontaktujte ma cez e-mail Please leave this field empty.","protected":false},"author":99004,"featured_media":0,"parent":0,"menu_order":0,"comment_status":"closed","ping_status":"closed","template":"","meta":{"footnotes":""},"class_list":["post-1036","page","type-page","status-publish","hentry"],"yoast_head":"<!-- This site is optimized with the Yoast SEO plugin v27.4 - https:\/\/yoast.com\/product\/yoast-seo-wordpress\/ -->\n<title>Objedn\u00e1vka tlmo\u010dn\u00edckych slu\u017eieb - Agent\u00fara VKM<\/title>\n<meta name=\"robots\" content=\"index, follow, max-snippet:-1, max-image-preview:large, max-video-preview:-1\" \/>\n<link rel=\"canonical\" href=\"https:\/\/avkm.net\/en\/objednavka-tlmocnickych-sluzieb\/\" \/>\n<meta property=\"og:locale\" content=\"en_GB\" \/>\n<meta property=\"og:type\" content=\"article\" \/>\n<meta property=\"og:title\" content=\"Objedn\u00e1vka tlmo\u010dn\u00edckych slu\u017eieb - Agent\u00fara VKM\" \/>\n<meta property=\"og:url\" content=\"https:\/\/avkm.net\/en\/objednavka-tlmocnickych-sluzieb\/\" \/>\n<meta property=\"og:site_name\" content=\"Agent\u00fara VKM\" \/>\n<meta property=\"article:publisher\" content=\"https:\/\/www.facebook.com\/AgenturaVKM\" \/>\n<meta property=\"article:modified_time\" content=\"2024-07-10T08:24:29+00:00\" \/>\n<meta name=\"twitter:card\" content=\"summary_large_image\" \/>\n<script type=\"application\/ld+json\" class=\"yoast-schema-graph\">{\"@context\":\"https:\\\/\\\/schema.org\",\"@graph\":[{\"@type\":\"WebPage\",\"@id\":\"https:\\\/\\\/avkm.net\\\/objednavka-tlmocnickych-sluzieb\\\/\",\"url\":\"https:\\\/\\\/avkm.net\\\/objednavka-tlmocnickych-sluzieb\\\/\",\"name\":\"Objedn\u00e1vka tlmo\u010dn\u00edckych slu\u017eieb - Agent\u00fara VKM\",\"isPartOf\":{\"@id\":\"https:\\\/\\\/avkm.net\\\/#website\"},\"datePublished\":\"2020-11-09T15:49:55+00:00\",\"dateModified\":\"2024-07-10T08:24:29+00:00\",\"breadcrumb\":{\"@id\":\"https:\\\/\\\/avkm.net\\\/objednavka-tlmocnickych-sluzieb\\\/#breadcrumb\"},\"inLanguage\":\"en-GB\",\"potentialAction\":[{\"@type\":\"ReadAction\",\"target\":[\"https:\\\/\\\/avkm.net\\\/objednavka-tlmocnickych-sluzieb\\\/\"]}]},{\"@type\":\"BreadcrumbList\",\"@id\":\"https:\\\/\\\/avkm.net\\\/objednavka-tlmocnickych-sluzieb\\\/#breadcrumb\",\"itemListElement\":[{\"@type\":\"ListItem\",\"position\":1,\"name\":\"Domovsk\u00e1 str\u00e1nka\",\"item\":\"https:\\\/\\\/avkm.net\\\/\"},{\"@type\":\"ListItem\",\"position\":2,\"name\":\"Objedn\u00e1vka tlmo\u010dn\u00edckych slu\u017eieb\"}]},{\"@type\":\"WebSite\",\"@id\":\"https:\\\/\\\/avkm.net\\\/#website\",\"url\":\"https:\\\/\\\/avkm.net\\\/\",\"name\":\"Agent\u00fara VKM\",\"description\":\"prekladate\u013esk\u00e9 a tlmo\u010dn\u00edcke slu\u017eby\",\"publisher\":{\"@id\":\"https:\\\/\\\/avkm.net\\\/#organization\"},\"potentialAction\":[{\"@type\":\"SearchAction\",\"target\":{\"@type\":\"EntryPoint\",\"urlTemplate\":\"https:\\\/\\\/avkm.net\\\/?s={search_term_string}\"},\"query-input\":{\"@type\":\"PropertyValueSpecification\",\"valueRequired\":true,\"valueName\":\"search_term_string\"}}],\"inLanguage\":\"en-GB\"},{\"@type\":\"Organization\",\"@id\":\"https:\\\/\\\/avkm.net\\\/#organization\",\"name\":\"Agent\u00fara VKM\",\"url\":\"https:\\\/\\\/avkm.net\\\/\",\"logo\":{\"@type\":\"ImageObject\",\"inLanguage\":\"en-GB\",\"@id\":\"https:\\\/\\\/avkm.net\\\/#\\\/schema\\\/logo\\\/image\\\/\",\"url\":\"https:\\\/\\\/avkm.net\\\/wp-content\\\/uploads\\\/2020\\\/11\\\/output-onlinejpgtools-e1604330993456.png\",\"contentUrl\":\"https:\\\/\\\/avkm.net\\\/wp-content\\\/uploads\\\/2020\\\/11\\\/output-onlinejpgtools-e1604330993456.png\",\"width\":839,\"height\":690,\"caption\":\"Agent\u00fara VKM\"},\"image\":{\"@id\":\"https:\\\/\\\/avkm.net\\\/#\\\/schema\\\/logo\\\/image\\\/\"},\"sameAs\":[\"https:\\\/\\\/www.facebook.com\\\/AgenturaVKM\"]}]}<\/script>\n<!-- \/ Yoast SEO plugin. -->","yoast_head_json":{"title":"Objedn\u00e1vka tlmo\u010dn\u00edckych slu\u017eieb - Agent\u00fara VKM","robots":{"index":"index","follow":"follow","max-snippet":"max-snippet:-1","max-image-preview":"max-image-preview:large","max-video-preview":"max-video-preview:-1"},"canonical":"https:\/\/avkm.net\/en\/objednavka-tlmocnickych-sluzieb\/","og_locale":"en_GB","og_type":"article","og_title":"Objedn\u00e1vka tlmo\u010dn\u00edckych slu\u017eieb - Agent\u00fara VKM","og_url":"https:\/\/avkm.net\/en\/objednavka-tlmocnickych-sluzieb\/","og_site_name":"Agent\u00fara VKM","article_publisher":"https:\/\/www.facebook.com\/AgenturaVKM","article_modified_time":"2024-07-10T08:24:29+00:00","twitter_card":"summary_large_image","schema":{"@context":"https:\/\/schema.org","@graph":[{"@type":"WebPage","@id":"https:\/\/avkm.net\/objednavka-tlmocnickych-sluzieb\/","url":"https:\/\/avkm.net\/objednavka-tlmocnickych-sluzieb\/","name":"Objedn\u00e1vka tlmo\u010dn\u00edckych slu\u017eieb - Agent\u00fara VKM","isPartOf":{"@id":"https:\/\/avkm.net\/#website"},"datePublished":"2020-11-09T15:49:55+00:00","dateModified":"2024-07-10T08:24:29+00:00","breadcrumb":{"@id":"https:\/\/avkm.net\/objednavka-tlmocnickych-sluzieb\/#breadcrumb"},"inLanguage":"en-GB","potentialAction":[{"@type":"ReadAction","target":["https:\/\/avkm.net\/objednavka-tlmocnickych-sluzieb\/"]}]},{"@type":"BreadcrumbList","@id":"https:\/\/avkm.net\/objednavka-tlmocnickych-sluzieb\/#breadcrumb","itemListElement":[{"@type":"ListItem","position":1,"name":"Domovsk\u00e1 str\u00e1nka","item":"https:\/\/avkm.net\/"},{"@type":"ListItem","position":2,"name":"Objedn\u00e1vka tlmo\u010dn\u00edckych slu\u017eieb"}]},{"@type":"WebSite","@id":"https:\/\/avkm.net\/#website","url":"https:\/\/avkm.net\/","name":"Agent\u00fara VKM","description":"prekladate\u013esk\u00e9 a tlmo\u010dn\u00edcke slu\u017eby","publisher":{"@id":"https:\/\/avkm.net\/#organization"},"potentialAction":[{"@type":"SearchAction","target":{"@type":"EntryPoint","urlTemplate":"https:\/\/avkm.net\/?s={search_term_string}"},"query-input":{"@type":"PropertyValueSpecification","valueRequired":true,"valueName":"search_term_string"}}],"inLanguage":"en-GB"},{"@type":"Organization","@id":"https:\/\/avkm.net\/#organization","name":"Agent\u00fara VKM","url":"https:\/\/avkm.net\/","logo":{"@type":"ImageObject","inLanguage":"en-GB","@id":"https:\/\/avkm.net\/#\/schema\/logo\/image\/","url":"https:\/\/avkm.net\/wp-content\/uploads\/2020\/11\/output-onlinejpgtools-e1604330993456.png","contentUrl":"https:\/\/avkm.net\/wp-content\/uploads\/2020\/11\/output-onlinejpgtools-e1604330993456.png","width":839,"height":690,"caption":"Agent\u00fara VKM"},"image":{"@id":"https:\/\/avkm.net\/#\/schema\/logo\/image\/"},"sameAs":["https:\/\/www.facebook.com\/AgenturaVKM"]}]}},"_links":{"self":[{"href":"https:\/\/avkm.net\/en\/wp-json\/wp\/v2\/pages\/1036","targetHints":{"allow":["GET"]}}],"collection":[{"href":"https:\/\/avkm.net\/en\/wp-json\/wp\/v2\/pages"}],"about":[{"href":"https:\/\/avkm.net\/en\/wp-json\/wp\/v2\/types\/page"}],"author":[{"embeddable":true,"href":"https:\/\/avkm.net\/en\/wp-json\/wp\/v2\/users\/99004"}],"replies":[{"embeddable":true,"href":"https:\/\/avkm.net\/en\/wp-json\/wp\/v2\/comments?post=1036"}],"version-history":[{"count":1,"href":"https:\/\/avkm.net\/en\/wp-json\/wp\/v2\/pages\/1036\/revisions"}],"predecessor-version":[{"id":1290,"href":"https:\/\/avkm.net\/en\/wp-json\/wp\/v2\/pages\/1036\/revisions\/1290"}],"wp:attachment":[{"href":"https:\/\/avkm.net\/en\/wp-json\/wp\/v2\/media?parent=1036"}],"curies":[{"name":"wp","href":"https:\/\/api.w.org\/{rel}","templated":true}]}}