{"id":1095,"date":"2020-11-25T17:03:52","date_gmt":"2020-11-25T16:03:52","guid":{"rendered":"https:\/\/avkm.net\/?page_id=1095"},"modified":"2020-11-25T17:34:36","modified_gmt":"2020-11-25T16:34:36","slug":"dakujeme-vasa-objednavka-prekladov-bola-uspesne-odoslana","status":"publish","type":"page","link":"https:\/\/avkm.net\/en\/dakujeme-vasa-objednavka-prekladov-bola-uspesne-odoslana\/","title":{"rendered":"\u010eakujeme. Va\u0161a objedn\u00e1vka prekladov bola \u00faspe\u0161ne odoslan\u00e1."},"content":{"rendered":"<div class=\"vc_row wpb_row vc_row-fluid\"><div class=\"wpb_column vc_column_container vc_col-sm-12 sc_layouts_column_icons_position_left\"><div class=\"vc_column-inner\"><div class=\"wpb_wrapper\"><div class=\"sc_layouts sc_layouts_default sc_layouts_29  vc_custom_1604414930572\"><div class=\"vc_row wpb_row vc_row-fluid vc_custom_1720602279741 vc_row-has-fill sc_layouts_row sc_layouts_row_type_narrow sc_layouts_row_fixed scheme_dark\"><div class=\"wpb_column vc_column_container vc_col-sm-12 sc_layouts_column_icons_position_left\"><div class=\"vc_column-inner\"><div class=\"wpb_wrapper\"><div id=\"sc_content_226786171\"\n\t\tclass=\"sc_content sc_content_default sc_float_center sc_content_width_1_1\"><div class=\"sc_content_container\"><div class=\"vc_row wpb_row vc_inner vc_row-fluid vc_row-o-content-middle vc_row-flex\"><div class=\"wpb_column vc_column_container vc_col-sm-4 sc_layouts_column sc_layouts_column_align_left sc_layouts_column_icons_position_left\"><div class=\"vc_column-inner\"><div class=\"wpb_wrapper\"><div class=\"sc_layouts_item\"><a href=\"https:\/\/avkm.net\/en\/\" id=\"sc_layouts_logo_2024611892\" class=\"sc_layouts_logo sc_layouts_logo_default\"><img fetchpriority=\"high\" decoding=\"async\" class=\"logo_image\" src=\"https:\/\/avkm.net\/wp-content\/uploads\/2020\/11\/VKM.jpg\" alt=\"\" width=\"850\" height=\"706\"><\/a><!-- \/.sc_layouts_logo --><\/div><\/div><\/div><\/div><div class=\"wpb_column vc_column_container vc_col-sm-8 sc_layouts_column sc_layouts_column_align_right sc_layouts_column_icons_position_left\"><div class=\"vc_column-inner\"><div class=\"wpb_wrapper\"><div class=\"sc_layouts_item\"><nav id=\"sc_layouts_menu_1345166155\" class=\"sc_layouts_menu sc_layouts_menu_default menu_hover_fade hide_on_mobile\"><ul id=\"menu_main\" class=\"sc_layouts_menu_nav menu_main_nav\"><li id=\"menu-item-783\" class=\"menu-item menu-item-type-post_type menu-item-object-page menu-item-home menu-item-783\"><a href=\"https:\/\/avkm.net\/en\/\"><span>Domov<\/span><\/a><\/li><li id=\"menu-item-784\" class=\"menu-item menu-item-type-post_type menu-item-object-page menu-item-784\"><a href=\"https:\/\/avkm.net\/en\/nase-sluzby\/\"><span>Slu\u017eby<\/span><\/a><\/li><li id=\"menu-item-785\" class=\"menu-item menu-item-type-post_type menu-item-object-page menu-item-785\"><a href=\"https:\/\/avkm.net\/en\/o-nas\/\"><span>O n\u00e1s<\/span><\/a><\/li><li id=\"menu-item-1314\" class=\"menu-item menu-item-type-post_type menu-item-object-page menu-item-1314\"><a href=\"https:\/\/avkm.net\/en\/certifikat\/\"><span>Certifik\u00e1t<\/span><\/a><\/li><li id=\"menu-item-786\" class=\"menu-item menu-item-type-post_type menu-item-object-page menu-item-786\"><a href=\"https:\/\/avkm.net\/en\/kontakty\/\"><span>Kontakty<\/span><\/a><\/li><\/ul><\/nav><!-- \/.sc_layouts_menu --><div class=\"sc_layouts_iconed_text sc_layouts_menu_mobile_button\">\n\t\t<a class=\"sc_layouts_item_link sc_layouts_iconed_text_link\" href=\"#\">\n\t\t\t<span class=\"sc_layouts_item_icon sc_layouts_iconed_text_icon trx_addons_icon-menu\"><\/span>\n\t\t<\/a>\n\t<\/div><\/div><div class=\"sc_layouts_item sc_layouts_hide_on_tablet\"><div class=\"sc_item_button sc_button_wrap sc_align_center\"><a href=\"\/en\/objednavka-prekladov\/\" id=\"sc_button_552487572\" class=\"hide_on_tablet sc_button sc_button_default sc_button_size_normal sc_button_icon_left\"><span class=\"sc_button_text\"><span class=\"sc_button_title\">Za\u010dnite tu<\/span><\/span><!-- \/.sc_button_text --><\/a><!-- \/.sc_button --><\/div><!-- \/.sc_item_button --><\/div><\/div><\/div><\/div><\/div><\/div><\/div><!-- \/.sc_content --><\/div><\/div><\/div><\/div><\/div><\/div><\/div><\/div><\/div><div class=\"vc_row wpb_row vc_row-fluid\"><div class=\"wpb_column vc_column_container vc_col-sm-12 sc_layouts_column_icons_position_left\"><div class=\"vc_column-inner\"><div class=\"wpb_wrapper\"><div class=\"sc_layouts sc_layouts_default sc_layouts_308\"><div class=\"vc_row wpb_row vc_row-fluid vc_custom_1494935533237 vc_row-has-fill sc_layouts_row sc_layouts_row_type_normal scheme_dark\"><div class=\"wpb_column vc_column_container vc_col-sm-12 sc_layouts_column_icons_position_left\"><div class=\"vc_column-inner\"><div class=\"wpb_wrapper\"><div id=\"sc_content_651426382\"\n\t\tclass=\"sc_content sc_content_default sc_float_center sc_content_width_1_1\"><div class=\"sc_content_container\"><div class=\"vc_row wpb_row vc_inner vc_row-fluid\"><div class=\"wpb_column vc_column_container vc_col-sm-3 sc_layouts_column_icons_position_left\"><div class=\"vc_column-inner\"><div class=\"wpb_wrapper\"><div class=\"sc_layouts_item\"><a href=\"https:\/\/avkm.net\/en\/\" id=\"sc_layouts_logo_534207972\" class=\"sc_layouts_logo sc_layouts_logo_default\"><img decoding=\"async\" class=\"logo_image\" src=\"\" alt=\"\" ><\/a><!-- \/.sc_layouts_logo --><\/div> <div class=\"sc_layouts_item\"><div id=\"widget_contacts_1596077607\" class=\"widget_area sc_widget_contacts vc_widget_contacts wpb_content_element\"><aside id=\"widget_contacts_1596077607_widget\" class=\"widget widget_contacts\"><div class=\"contacts_wrap\"><div class=\"contacts_description\"><p>Na\u0161a agent\u00fara sa za obdobie svojho trvania vypracovala na \u00faspe\u0161n\u00fa spolo\u010dnos\u0165, o \u010dom sved\u010d\u00ed mno\u017estvo doposia\u013e realizovan\u00fdch akci\u00ed medzin\u00e1rodn\u00e9ho a republikov\u00e9ho v\u00fdznamu.<\/p>\n<\/div><\/div><!-- \/.contacts_wrap --><\/aside><\/div><\/div><\/div><\/div><\/div><div class=\"wpb_column vc_column_container vc_col-sm-3 sc_layouts_column_icons_position_left\"><div class=\"vc_column-inner\"><div class=\"wpb_wrapper\"><div  class=\"vc_wp_custommenu wpb_content_element\"><div class=\"widget widget_nav_menu\"><h2 class=\"widgettitle\">Slu\u017eby<\/h2><div class=\"menu-services-container\"><ul id=\"menu-services\" class=\"menu\"><li id=\"menu-item-1126\" class=\"menu-item menu-item-type-custom menu-item-object-custom menu-item-1126\"><a href=\"https:\/\/avkm.net\/en\/nase-sluzby\/#tlmocenie\">Tlmo\u010dn\u00edcke slu\u017eby<\/a><\/li>\n<li id=\"menu-item-1123\" class=\"menu-item menu-item-type-custom menu-item-object-custom menu-item-1123\"><a href=\"https:\/\/avkm.net\/en\/nase-sluzby\/\">Prekladate\u013esk\u00e9 slu\u017eby<\/a><\/li>\n<\/ul><\/div><\/div><\/div><\/div><\/div><\/div><div class=\"wpb_column vc_column_container vc_col-sm-3 sc_layouts_column_icons_position_left\"><div class=\"vc_column-inner\"><div class=\"wpb_wrapper\"><div  class=\"vc_wp_custommenu wpb_content_element\"><div class=\"widget widget_nav_menu\"><h2 class=\"widgettitle\">Pre z\u00e1kazn\u00edkov<\/h2><div class=\"menu-informacie-container\"><ul id=\"menu-informacie\" class=\"menu\"><li id=\"menu-item-303\" class=\"menu-item menu-item-type-post_type menu-item-object-page menu-item-303\"><a href=\"https:\/\/avkm.net\/en\/kontakty\/\">Kontaktujte n\u00e1s<\/a><\/li>\n<li id=\"menu-item-304\" class=\"menu-item menu-item-type-post_type menu-item-object-page menu-item-304\"><a href=\"https:\/\/avkm.net\/en\/o-nas\/\">O n\u00e1s<\/a><\/li>\n<li id=\"menu-item-812\" class=\"menu-item menu-item-type-post_type menu-item-object-page menu-item-privacy-policy menu-item-812\"><a rel=\"privacy-policy\" href=\"https:\/\/avkm.net\/en\/zasady-ochrany-osobnych-udajov\/\">Ochrana s\u00fakromia<\/a><\/li>\n<\/ul><\/div><\/div><\/div><\/div><\/div><\/div><div class=\"wpb_column vc_column_container vc_col-sm-3 sc_layouts_column_icons_position_left\"><div class=\"vc_column-inner\"><div class=\"wpb_wrapper\">\n\t<div class=\"wpb_text_column wpb_content_element\" >\n\t\t<div class=\"wpb_wrapper\">\n\t\t\t<h6>Zavolajte n\u00e1m:<\/h6>\n<p><a href=\"tel:+421908781246\">+421 908 781 246<\/a><\/p>\n<p><a href=\"tel:+421903650299\">+421 903 650 299<\/a><\/p>\n<p><a href=\"tel:+421918634859\">+421 918 634 859<\/a><\/p>\n<p><span class=\"trx_addons_accent\"><a href=\"mailto:hozakova@avkm.net\"><big><span class=\"icon-mail-empty\">\u00a0Po\u0161lite n\u00e1m email<\/span><\/big><\/a><\/span><\/p>\n<p><strong>Lazaretsk\u00e1 3\/A<\/strong><\/p>\n<p><strong>811 08 Bratislava<\/strong><\/p>\n<p><span class=\"trx_addons_accent\"><a href=\"https:\/\/www.google.com\/maps\/@48.146126, 17.119710\"><big><span class=\"icon-location-light\">\u00a0Kde n\u00e1s n\u00e1jdete<\/span><\/big><\/a><\/span><\/p>\n\n\t\t<\/div>\n\t<\/div>\n<\/div><\/div><\/div><\/div><div class=\"vc_separator wpb_content_element vc_separator_align_center vc_sep_width_100 vc_sep_pos_align_center vc_separator_no_text vc_sep_color_grey\" ><span class=\"vc_sep_holder vc_sep_holder_l\"><span  class=\"vc_sep_line\"><\/span><\/span><span class=\"vc_sep_holder vc_sep_holder_r\"><span  class=\"vc_sep_line\"><\/span><\/span>\n<\/div><div  class=\"vc_wp_text wpb_content_element\"><div class=\"widget widget_text\">\t\t\t<div class=\"textwidget\"><p style=\"text-align: center;\"><strong>AVKM.NET<\/strong> \u00a9 2020 All rights reserved.<\/p>\n<p style=\"text-align: center;\">Created by <a href=\"https:\/\/novamy.eu\/sk\/\"><strong>Novamy.eu<\/strong><\/a><\/p>\n<\/div>\n\t\t<\/div><\/div><\/div><\/div><!-- \/.sc_content --><\/div><\/div><\/div><\/div><\/div><\/div><\/div><\/div><\/div>","protected":false},"excerpt":{"rendered":"DomovSlu\u017ebyO n\u00e1sCertifik\u00e1tKontakty Za\u010dnite tu Na\u0161a agent\u00fara sa za obdobie svojho trvania vypracovala na \u00faspe\u0161n\u00fa spolo\u010dnos\u0165, o \u010dom sved\u010d\u00ed mno\u017estvo doposia\u013e realizovan\u00fdch akci\u00ed medzin\u00e1rodn\u00e9ho a republikov\u00e9ho v\u00fdznamu. Slu\u017ebyTlmo\u010dn\u00edcke slu\u017eby Prekladate\u013esk\u00e9 slu\u017eby Pre z\u00e1kazn\u00edkovKontaktujte n\u00e1s O n\u00e1s Ochrana s\u00fakromia Zavolajte n\u00e1m: +421 908 781 246 +421 903 650 299 +421 918 634 859 \u00a0Po\u0161lite n\u00e1m email Lazaretsk\u00e1 3\/A 811 08 Bratislava \u00a0Kde&hellip;","protected":false},"author":99004,"featured_media":0,"parent":0,"menu_order":0,"comment_status":"closed","ping_status":"closed","template":"..\/public\/views\/revslider-page-template.php","meta":{"footnotes":""},"class_list":["post-1095","page","type-page","status-publish","hentry"],"yoast_head":"<!-- This site is optimized with the Yoast SEO plugin v27.4 - https:\/\/yoast.com\/product\/yoast-seo-wordpress\/ -->\n<title>\u010eakujeme. Va\u0161a objedn\u00e1vka prekladov bola \u00faspe\u0161ne odoslan\u00e1. - Agent\u00fara VKM<\/title>\n<meta name=\"robots\" content=\"index, follow, max-snippet:-1, max-image-preview:large, max-video-preview:-1\" \/>\n<link rel=\"canonical\" href=\"https:\/\/avkm.net\/en\/dakujeme-vasa-objednavka-prekladov-bola-uspesne-odoslana\/\" \/>\n<meta property=\"og:locale\" content=\"en_GB\" \/>\n<meta property=\"og:type\" content=\"article\" \/>\n<meta property=\"og:title\" content=\"\u010eakujeme. Va\u0161a objedn\u00e1vka prekladov bola \u00faspe\u0161ne odoslan\u00e1. - Agent\u00fara VKM\" \/>\n<meta property=\"og:url\" content=\"https:\/\/avkm.net\/en\/dakujeme-vasa-objednavka-prekladov-bola-uspesne-odoslana\/\" \/>\n<meta property=\"og:site_name\" content=\"Agent\u00fara VKM\" \/>\n<meta property=\"article:publisher\" content=\"https:\/\/www.facebook.com\/AgenturaVKM\" \/>\n<meta property=\"article:modified_time\" content=\"2020-11-25T16:34:36+00:00\" \/>\n<meta name=\"twitter:card\" content=\"summary_large_image\" \/>\n<script type=\"application\/ld+json\" class=\"yoast-schema-graph\">{\"@context\":\"https:\\\/\\\/schema.org\",\"@graph\":[{\"@type\":\"WebPage\",\"@id\":\"https:\\\/\\\/avkm.net\\\/dakujeme-vasa-objednavka-prekladov-bola-uspesne-odoslana\\\/\",\"url\":\"https:\\\/\\\/avkm.net\\\/dakujeme-vasa-objednavka-prekladov-bola-uspesne-odoslana\\\/\",\"name\":\"\u010eakujeme. Va\u0161a objedn\u00e1vka prekladov bola \u00faspe\u0161ne odoslan\u00e1. - Agent\u00fara VKM\",\"isPartOf\":{\"@id\":\"https:\\\/\\\/avkm.net\\\/#website\"},\"datePublished\":\"2020-11-25T16:03:52+00:00\",\"dateModified\":\"2020-11-25T16:34:36+00:00\",\"breadcrumb\":{\"@id\":\"https:\\\/\\\/avkm.net\\\/dakujeme-vasa-objednavka-prekladov-bola-uspesne-odoslana\\\/#breadcrumb\"},\"inLanguage\":\"en-GB\",\"potentialAction\":[{\"@type\":\"ReadAction\",\"target\":[\"https:\\\/\\\/avkm.net\\\/dakujeme-vasa-objednavka-prekladov-bola-uspesne-odoslana\\\/\"]}]},{\"@type\":\"BreadcrumbList\",\"@id\":\"https:\\\/\\\/avkm.net\\\/dakujeme-vasa-objednavka-prekladov-bola-uspesne-odoslana\\\/#breadcrumb\",\"itemListElement\":[{\"@type\":\"ListItem\",\"position\":1,\"name\":\"Domovsk\u00e1 str\u00e1nka\",\"item\":\"https:\\\/\\\/avkm.net\\\/\"},{\"@type\":\"ListItem\",\"position\":2,\"name\":\"\u010eakujeme. Va\u0161a objedn\u00e1vka prekladov bola \u00faspe\u0161ne odoslan\u00e1.\"}]},{\"@type\":\"WebSite\",\"@id\":\"https:\\\/\\\/avkm.net\\\/#website\",\"url\":\"https:\\\/\\\/avkm.net\\\/\",\"name\":\"Agent\u00fara VKM\",\"description\":\"prekladate\u013esk\u00e9 a tlmo\u010dn\u00edcke slu\u017eby\",\"publisher\":{\"@id\":\"https:\\\/\\\/avkm.net\\\/#organization\"},\"potentialAction\":[{\"@type\":\"SearchAction\",\"target\":{\"@type\":\"EntryPoint\",\"urlTemplate\":\"https:\\\/\\\/avkm.net\\\/?s={search_term_string}\"},\"query-input\":{\"@type\":\"PropertyValueSpecification\",\"valueRequired\":true,\"valueName\":\"search_term_string\"}}],\"inLanguage\":\"en-GB\"},{\"@type\":\"Organization\",\"@id\":\"https:\\\/\\\/avkm.net\\\/#organization\",\"name\":\"Agent\u00fara VKM\",\"url\":\"https:\\\/\\\/avkm.net\\\/\",\"logo\":{\"@type\":\"ImageObject\",\"inLanguage\":\"en-GB\",\"@id\":\"https:\\\/\\\/avkm.net\\\/#\\\/schema\\\/logo\\\/image\\\/\",\"url\":\"https:\\\/\\\/avkm.net\\\/wp-content\\\/uploads\\\/2020\\\/11\\\/output-onlinejpgtools-e1604330993456.png\",\"contentUrl\":\"https:\\\/\\\/avkm.net\\\/wp-content\\\/uploads\\\/2020\\\/11\\\/output-onlinejpgtools-e1604330993456.png\",\"width\":839,\"height\":690,\"caption\":\"Agent\u00fara VKM\"},\"image\":{\"@id\":\"https:\\\/\\\/avkm.net\\\/#\\\/schema\\\/logo\\\/image\\\/\"},\"sameAs\":[\"https:\\\/\\\/www.facebook.com\\\/AgenturaVKM\"]}]}<\/script>\n<!-- \/ Yoast SEO plugin. -->","yoast_head_json":{"title":"\u010eakujeme. Va\u0161a objedn\u00e1vka prekladov bola \u00faspe\u0161ne odoslan\u00e1. - Agent\u00fara VKM","robots":{"index":"index","follow":"follow","max-snippet":"max-snippet:-1","max-image-preview":"max-image-preview:large","max-video-preview":"max-video-preview:-1"},"canonical":"https:\/\/avkm.net\/en\/dakujeme-vasa-objednavka-prekladov-bola-uspesne-odoslana\/","og_locale":"en_GB","og_type":"article","og_title":"\u010eakujeme. Va\u0161a objedn\u00e1vka prekladov bola \u00faspe\u0161ne odoslan\u00e1. - Agent\u00fara VKM","og_url":"https:\/\/avkm.net\/en\/dakujeme-vasa-objednavka-prekladov-bola-uspesne-odoslana\/","og_site_name":"Agent\u00fara VKM","article_publisher":"https:\/\/www.facebook.com\/AgenturaVKM","article_modified_time":"2020-11-25T16:34:36+00:00","twitter_card":"summary_large_image","schema":{"@context":"https:\/\/schema.org","@graph":[{"@type":"WebPage","@id":"https:\/\/avkm.net\/dakujeme-vasa-objednavka-prekladov-bola-uspesne-odoslana\/","url":"https:\/\/avkm.net\/dakujeme-vasa-objednavka-prekladov-bola-uspesne-odoslana\/","name":"\u010eakujeme. Va\u0161a objedn\u00e1vka prekladov bola \u00faspe\u0161ne odoslan\u00e1. - Agent\u00fara VKM","isPartOf":{"@id":"https:\/\/avkm.net\/#website"},"datePublished":"2020-11-25T16:03:52+00:00","dateModified":"2020-11-25T16:34:36+00:00","breadcrumb":{"@id":"https:\/\/avkm.net\/dakujeme-vasa-objednavka-prekladov-bola-uspesne-odoslana\/#breadcrumb"},"inLanguage":"en-GB","potentialAction":[{"@type":"ReadAction","target":["https:\/\/avkm.net\/dakujeme-vasa-objednavka-prekladov-bola-uspesne-odoslana\/"]}]},{"@type":"BreadcrumbList","@id":"https:\/\/avkm.net\/dakujeme-vasa-objednavka-prekladov-bola-uspesne-odoslana\/#breadcrumb","itemListElement":[{"@type":"ListItem","position":1,"name":"Domovsk\u00e1 str\u00e1nka","item":"https:\/\/avkm.net\/"},{"@type":"ListItem","position":2,"name":"\u010eakujeme. Va\u0161a objedn\u00e1vka prekladov bola \u00faspe\u0161ne odoslan\u00e1."}]},{"@type":"WebSite","@id":"https:\/\/avkm.net\/#website","url":"https:\/\/avkm.net\/","name":"Agent\u00fara VKM","description":"prekladate\u013esk\u00e9 a tlmo\u010dn\u00edcke slu\u017eby","publisher":{"@id":"https:\/\/avkm.net\/#organization"},"potentialAction":[{"@type":"SearchAction","target":{"@type":"EntryPoint","urlTemplate":"https:\/\/avkm.net\/?s={search_term_string}"},"query-input":{"@type":"PropertyValueSpecification","valueRequired":true,"valueName":"search_term_string"}}],"inLanguage":"en-GB"},{"@type":"Organization","@id":"https:\/\/avkm.net\/#organization","name":"Agent\u00fara VKM","url":"https:\/\/avkm.net\/","logo":{"@type":"ImageObject","inLanguage":"en-GB","@id":"https:\/\/avkm.net\/#\/schema\/logo\/image\/","url":"https:\/\/avkm.net\/wp-content\/uploads\/2020\/11\/output-onlinejpgtools-e1604330993456.png","contentUrl":"https:\/\/avkm.net\/wp-content\/uploads\/2020\/11\/output-onlinejpgtools-e1604330993456.png","width":839,"height":690,"caption":"Agent\u00fara VKM"},"image":{"@id":"https:\/\/avkm.net\/#\/schema\/logo\/image\/"},"sameAs":["https:\/\/www.facebook.com\/AgenturaVKM"]}]}},"_links":{"self":[{"href":"https:\/\/avkm.net\/en\/wp-json\/wp\/v2\/pages\/1095","targetHints":{"allow":["GET"]}}],"collection":[{"href":"https:\/\/avkm.net\/en\/wp-json\/wp\/v2\/pages"}],"about":[{"href":"https:\/\/avkm.net\/en\/wp-json\/wp\/v2\/types\/page"}],"author":[{"embeddable":true,"href":"https:\/\/avkm.net\/en\/wp-json\/wp\/v2\/users\/99004"}],"replies":[{"embeddable":true,"href":"https:\/\/avkm.net\/en\/wp-json\/wp\/v2\/comments?post=1095"}],"version-history":[{"count":0,"href":"https:\/\/avkm.net\/en\/wp-json\/wp\/v2\/pages\/1095\/revisions"}],"wp:attachment":[{"href":"https:\/\/avkm.net\/en\/wp-json\/wp\/v2\/media?parent=1095"}],"curies":[{"name":"wp","href":"https:\/\/api.w.org\/{rel}","templated":true}]}}