{"id":1307,"date":"2024-10-29T10:05:14","date_gmt":"2024-10-29T09:05:14","guid":{"rendered":"https:\/\/avkm.net\/?page_id=1307"},"modified":"2024-10-29T10:06:42","modified_gmt":"2024-10-29T09:06:42","slug":"certifikat","status":"publish","type":"page","link":"https:\/\/avkm.net\/en\/certifikat\/","title":{"rendered":"Certifik\u00e1t"},"content":{"rendered":"<div class=\"vc_row wpb_row vc_row-fluid\"><div class=\"wpb_column vc_column_container vc_col-sm-12 sc_layouts_column_icons_position_left\"><div class=\"vc_column-inner\"><div class=\"wpb_wrapper\"><div class=\"vc_empty_space  height_tiny\"   style=\"height: 120px\"><span class=\"vc_empty_space_inner\"><\/span><\/div>\n\t<div  class=\"wpb_single_image wpb_content_element vc_align_center  vc_custom_1730192730448\">\n\t\t\n\t\t<figure class=\"wpb_wrapper vc_figure\">\n\t\t\t<div class=\"vc_single_image-wrapper   vc_box_border_grey\"><img fetchpriority=\"high\" decoding=\"async\" width=\"884\" height=\"641\" src=\"https:\/\/avkm.net\/wp-content\/uploads\/2020\/11\/certifikat.jpg\" class=\"vc_single_image-img attachment-full\" alt=\"\" srcset=\"https:\/\/avkm.net\/wp-content\/uploads\/2020\/11\/certifikat.jpg 884w, https:\/\/avkm.net\/wp-content\/uploads\/2020\/11\/certifikat-300x218.jpg 300w, https:\/\/avkm.net\/wp-content\/uploads\/2020\/11\/certifikat-768x557.jpg 768w, https:\/\/avkm.net\/wp-content\/uploads\/2020\/11\/certifikat-16x12.jpg 16w, https:\/\/avkm.net\/wp-content\/uploads\/2020\/11\/certifikat-370x268.jpg 370w, https:\/\/avkm.net\/wp-content\/uploads\/2020\/11\/certifikat-760x551.jpg 760w\" sizes=\"(max-width: 884px) 100vw, 884px\" \/><\/div>\n\t\t<\/figure>\n\t<\/div>\n<div class=\"vc_empty_space  height_tiny\"   style=\"height: 80px\"><span class=\"vc_empty_space_inner\"><\/span><\/div><\/div><\/div><\/div><\/div>","protected":false},"excerpt":{"rendered":"","protected":false},"author":99003,"featured_media":0,"parent":0,"menu_order":0,"comment_status":"closed","ping_status":"closed","template":"","meta":{"footnotes":""},"class_list":["post-1307","page","type-page","status-publish","hentry"],"yoast_head":"<!-- This site is optimized with the Yoast SEO plugin v27.4 - https:\/\/yoast.com\/product\/yoast-seo-wordpress\/ -->\n<title>Certifik\u00e1t - Agent\u00fara VKM<\/title>\n<meta name=\"robots\" content=\"index, follow, max-snippet:-1, max-image-preview:large, max-video-preview:-1\" \/>\n<link rel=\"canonical\" href=\"https:\/\/avkm.net\/en\/certifikat\/\" \/>\n<meta property=\"og:locale\" content=\"en_GB\" \/>\n<meta property=\"og:type\" content=\"article\" \/>\n<meta property=\"og:title\" content=\"Certifik\u00e1t - Agent\u00fara VKM\" \/>\n<meta property=\"og:url\" content=\"https:\/\/avkm.net\/en\/certifikat\/\" \/>\n<meta property=\"og:site_name\" content=\"Agent\u00fara VKM\" \/>\n<meta property=\"article:publisher\" content=\"https:\/\/www.facebook.com\/AgenturaVKM\" \/>\n<meta property=\"article:modified_time\" content=\"2024-10-29T09:06:42+00:00\" \/>\n<meta name=\"twitter:card\" content=\"summary_large_image\" \/>\n<script type=\"application\/ld+json\" class=\"yoast-schema-graph\">{\"@context\":\"https:\\\/\\\/schema.org\",\"@graph\":[{\"@type\":\"WebPage\",\"@id\":\"https:\\\/\\\/avkm.net\\\/en\\\/certifikat\\\/\",\"url\":\"https:\\\/\\\/avkm.net\\\/en\\\/certifikat\\\/\",\"name\":\"Certifik\u00e1t - Agent\u00fara VKM\",\"isPartOf\":{\"@id\":\"https:\\\/\\\/avkm.net\\\/#website\"},\"datePublished\":\"2024-10-29T09:05:14+00:00\",\"dateModified\":\"2024-10-29T09:06:42+00:00\",\"breadcrumb\":{\"@id\":\"https:\\\/\\\/avkm.net\\\/en\\\/certifikat\\\/#breadcrumb\"},\"inLanguage\":\"en-GB\",\"potentialAction\":[{\"@type\":\"ReadAction\",\"target\":[\"https:\\\/\\\/avkm.net\\\/en\\\/certifikat\\\/\"]}]},{\"@type\":\"BreadcrumbList\",\"@id\":\"https:\\\/\\\/avkm.net\\\/en\\\/certifikat\\\/#breadcrumb\",\"itemListElement\":[{\"@type\":\"ListItem\",\"position\":1,\"name\":\"Domovsk\u00e1 str\u00e1nka\",\"item\":\"https:\\\/\\\/avkm.net\\\/\"},{\"@type\":\"ListItem\",\"position\":2,\"name\":\"Certifik\u00e1t\"}]},{\"@type\":\"WebSite\",\"@id\":\"https:\\\/\\\/avkm.net\\\/#website\",\"url\":\"https:\\\/\\\/avkm.net\\\/\",\"name\":\"Agent\u00fara VKM\",\"description\":\"prekladate\u013esk\u00e9 a tlmo\u010dn\u00edcke slu\u017eby\",\"publisher\":{\"@id\":\"https:\\\/\\\/avkm.net\\\/#organization\"},\"potentialAction\":[{\"@type\":\"SearchAction\",\"target\":{\"@type\":\"EntryPoint\",\"urlTemplate\":\"https:\\\/\\\/avkm.net\\\/?s={search_term_string}\"},\"query-input\":{\"@type\":\"PropertyValueSpecification\",\"valueRequired\":true,\"valueName\":\"search_term_string\"}}],\"inLanguage\":\"en-GB\"},{\"@type\":\"Organization\",\"@id\":\"https:\\\/\\\/avkm.net\\\/#organization\",\"name\":\"Agent\u00fara VKM\",\"url\":\"https:\\\/\\\/avkm.net\\\/\",\"logo\":{\"@type\":\"ImageObject\",\"inLanguage\":\"en-GB\",\"@id\":\"https:\\\/\\\/avkm.net\\\/#\\\/schema\\\/logo\\\/image\\\/\",\"url\":\"https:\\\/\\\/avkm.net\\\/wp-content\\\/uploads\\\/2020\\\/11\\\/output-onlinejpgtools-e1604330993456.png\",\"contentUrl\":\"https:\\\/\\\/avkm.net\\\/wp-content\\\/uploads\\\/2020\\\/11\\\/output-onlinejpgtools-e1604330993456.png\",\"width\":839,\"height\":690,\"caption\":\"Agent\u00fara VKM\"},\"image\":{\"@id\":\"https:\\\/\\\/avkm.net\\\/#\\\/schema\\\/logo\\\/image\\\/\"},\"sameAs\":[\"https:\\\/\\\/www.facebook.com\\\/AgenturaVKM\"]}]}<\/script>\n<!-- \/ Yoast SEO plugin. -->","yoast_head_json":{"title":"Certifik\u00e1t - Agent\u00fara VKM","robots":{"index":"index","follow":"follow","max-snippet":"max-snippet:-1","max-image-preview":"max-image-preview:large","max-video-preview":"max-video-preview:-1"},"canonical":"https:\/\/avkm.net\/en\/certifikat\/","og_locale":"en_GB","og_type":"article","og_title":"Certifik\u00e1t - Agent\u00fara VKM","og_url":"https:\/\/avkm.net\/en\/certifikat\/","og_site_name":"Agent\u00fara VKM","article_publisher":"https:\/\/www.facebook.com\/AgenturaVKM","article_modified_time":"2024-10-29T09:06:42+00:00","twitter_card":"summary_large_image","schema":{"@context":"https:\/\/schema.org","@graph":[{"@type":"WebPage","@id":"https:\/\/avkm.net\/en\/certifikat\/","url":"https:\/\/avkm.net\/en\/certifikat\/","name":"Certifik\u00e1t - Agent\u00fara VKM","isPartOf":{"@id":"https:\/\/avkm.net\/#website"},"datePublished":"2024-10-29T09:05:14+00:00","dateModified":"2024-10-29T09:06:42+00:00","breadcrumb":{"@id":"https:\/\/avkm.net\/en\/certifikat\/#breadcrumb"},"inLanguage":"en-GB","potentialAction":[{"@type":"ReadAction","target":["https:\/\/avkm.net\/en\/certifikat\/"]}]},{"@type":"BreadcrumbList","@id":"https:\/\/avkm.net\/en\/certifikat\/#breadcrumb","itemListElement":[{"@type":"ListItem","position":1,"name":"Domovsk\u00e1 str\u00e1nka","item":"https:\/\/avkm.net\/"},{"@type":"ListItem","position":2,"name":"Certifik\u00e1t"}]},{"@type":"WebSite","@id":"https:\/\/avkm.net\/#website","url":"https:\/\/avkm.net\/","name":"Agent\u00fara VKM","description":"prekladate\u013esk\u00e9 a tlmo\u010dn\u00edcke slu\u017eby","publisher":{"@id":"https:\/\/avkm.net\/#organization"},"potentialAction":[{"@type":"SearchAction","target":{"@type":"EntryPoint","urlTemplate":"https:\/\/avkm.net\/?s={search_term_string}"},"query-input":{"@type":"PropertyValueSpecification","valueRequired":true,"valueName":"search_term_string"}}],"inLanguage":"en-GB"},{"@type":"Organization","@id":"https:\/\/avkm.net\/#organization","name":"Agent\u00fara VKM","url":"https:\/\/avkm.net\/","logo":{"@type":"ImageObject","inLanguage":"en-GB","@id":"https:\/\/avkm.net\/#\/schema\/logo\/image\/","url":"https:\/\/avkm.net\/wp-content\/uploads\/2020\/11\/output-onlinejpgtools-e1604330993456.png","contentUrl":"https:\/\/avkm.net\/wp-content\/uploads\/2020\/11\/output-onlinejpgtools-e1604330993456.png","width":839,"height":690,"caption":"Agent\u00fara VKM"},"image":{"@id":"https:\/\/avkm.net\/#\/schema\/logo\/image\/"},"sameAs":["https:\/\/www.facebook.com\/AgenturaVKM"]}]}},"_links":{"self":[{"href":"https:\/\/avkm.net\/en\/wp-json\/wp\/v2\/pages\/1307","targetHints":{"allow":["GET"]}}],"collection":[{"href":"https:\/\/avkm.net\/en\/wp-json\/wp\/v2\/pages"}],"about":[{"href":"https:\/\/avkm.net\/en\/wp-json\/wp\/v2\/types\/page"}],"author":[{"embeddable":true,"href":"https:\/\/avkm.net\/en\/wp-json\/wp\/v2\/users\/99003"}],"replies":[{"embeddable":true,"href":"https:\/\/avkm.net\/en\/wp-json\/wp\/v2\/comments?post=1307"}],"version-history":[{"count":6,"href":"https:\/\/avkm.net\/en\/wp-json\/wp\/v2\/pages\/1307\/revisions"}],"predecessor-version":[{"id":1313,"href":"https:\/\/avkm.net\/en\/wp-json\/wp\/v2\/pages\/1307\/revisions\/1313"}],"wp:attachment":[{"href":"https:\/\/avkm.net\/en\/wp-json\/wp\/v2\/media?parent=1307"}],"curies":[{"name":"wp","href":"https:\/\/api.w.org\/{rel}","templated":true}]}}